{"id":3,"date":"2024-04-21T17:31:23","date_gmt":"2024-04-21T15:31:23","guid":{"rendered":"https:\/\/beetoysdz.com\/?page_id=3"},"modified":"2025-05-12T19:03:35","modified_gmt":"2025-05-12T18:03:35","slug":"politique-de-confidentialite","status":"publish","type":"page","link":"https:\/\/beetoysdz.com\/ar\/politique-de-confidentialite\/","title":{"rendered":"\u0633\u064a\u0627\u0633\u0629 \u0627\u0644\u062e\u0635\u0648\u0635\u064a\u0629"},"content":{"rendered":"<p><\/p>\n\n\n\n<p>Chez <strong>BeeToys<\/strong>, nous respectons votre vie priv\u00e9e. Cette politique explique bri\u00e8vement comment nous utilisons vos informations lorsque vous visitez notre site ou effectuez un achat.<\/p>\n\n\n\n<p><strong>1. Quelles informations nous collectons ?<\/strong><\/p>\n\n\n\n<p>Nous pouvons collecter :<\/p>\n\n\n\n<ul class=\"wp-block-list\">\n<li>Votre nom, adresse, t\u00e9l\u00e9phone, e-mail<\/li>\n\n\n\n<li>Les donn\u00e9es de navigation (pages visit\u00e9es, adresse IP, etc.)<\/li>\n<\/ul>\n\n\n\n<p><strong>2. Comment utilisons-nous vos donn\u00e9es ?<\/strong><\/p>\n\n\n\n<p>Nous utilisons vos donn\u00e9es pour :<\/p>\n\n\n\n<ul class=\"wp-block-list\">\n<li>Traiter vos commandes<\/li>\n\n\n\n<li>Vous contacter en cas de besoin<\/li>\n\n\n\n<li>Vous envoyer des offres si vous le souhaitez<\/li>\n\n\n\n<li>Am\u00e9liorer notre site<\/li>\n<\/ul>\n\n\n\n<p><strong>3. Avec qui partageons-nous vos donn\u00e9es ?<\/strong><\/p>\n\n\n\n<p>Vos donn\u00e9es sont partag\u00e9es uniquement avec nos partenaires de confiance (livraison, paiement) et jamais revendues.<\/p>\n\n\n\n<p><strong>4. S\u00e9curit\u00e9<\/strong><\/p>\n\n\n\n<p>Nous prenons des mesures pour prot\u00e9ger vos donn\u00e9es. Cependant, aucune transmission n\u2019est 100% s\u00e9curis\u00e9e.<\/p>\n\n\n\n<p><strong>5. Contact<\/strong> Pour toute question ou demande li\u00e9e \u00e0 la vie priv\u00e9e, contactez-nous \u00e0 :<br>\ud83d\udce7 store@beetoysdz.com<\/p>","protected":false},"excerpt":{"rendered":"<p>Chez BeeToys, nous respectons votre vie priv\u00e9e. Cette politique explique bri\u00e8vement comment nous utilisons vos informations lorsque vous visitez notre site ou effectuez un achat. 1. Quelles informations nous collectons ? Nous pouvons collecter : 2. Comment utilisons-nous vos donn\u00e9es ? Nous utilisons vos donn\u00e9es pour : 3. Avec qui partageons-nous vos donn\u00e9es ? Vos donn\u00e9es sont partag\u00e9es uniquement avec nos partenaires de confiance (livraison, paiement) et jamais revendues. 4. S\u00e9curit\u00e9 Nous prenons des mesures pour prot\u00e9ger vos donn\u00e9es. Cependant, aucune transmission n\u2019est 100% s\u00e9curis\u00e9e. 5. Contact Pour toute question ou demande li\u00e9e \u00e0 la vie priv\u00e9e, contactez-nous \u00e0 :\ud83d\udce7 store@beetoysdz.com<\/p>","protected":false},"author":1,"featured_media":0,"parent":0,"menu_order":0,"comment_status":"closed","ping_status":"open","template":"","meta":{"site-sidebar-layout":"default","site-content-layout":"","ast-site-content-layout":"default","site-content-style":"default","site-sidebar-style":"default","ast-global-header-display":"","ast-banner-title-visibility":"","ast-main-header-display":"","ast-hfb-above-header-display":"","ast-hfb-below-header-display":"","ast-hfb-mobile-header-display":"","site-post-title":"","ast-breadcrumbs-content":"","ast-featured-img":"","footer-sml-layout":"","theme-transparent-header-meta":"","adv-header-id-meta":"","stick-header-meta":"","header-above-stick-meta":"","header-main-stick-meta":"","header-below-stick-meta":"","astra-migrate-meta-layouts":"set","ast-page-background-enabled":"default","ast-page-background-meta":{"desktop":{"background-color":"","background-image":"","background-repeat":"repeat","background-position":"center center","background-size":"auto","background-attachment":"scroll","background-type":"","background-media":"","overlay-type":"","overlay-color":"","overlay-gradient":""},"tablet":{"background-color":"","background-image":"","background-repeat":"repeat","background-position":"center center","background-size":"auto","background-attachment":"scroll","background-type":"","background-media":"","overlay-type":"","overlay-color":"","overlay-gradient":""},"mobile":{"background-color":"","background-image":"","background-repeat":"repeat","background-position":"center center","background-size":"auto","background-attachment":"scroll","background-type":"","background-media":"","overlay-type":"","overlay-color":"","overlay-gradient":""}},"ast-content-background-meta":{"desktop":{"background-color":"var(--ast-global-color-5)","background-image":"","background-repeat":"repeat","background-position":"center center","background-size":"auto","background-attachment":"scroll","background-type":"","background-media":"","overlay-type":"","overlay-color":"","overlay-gradient":""},"tablet":{"background-color":"var(--ast-global-color-5)","background-image":"","background-repeat":"repeat","background-position":"center center","background-size":"auto","background-attachment":"scroll","background-type":"","background-media":"","overlay-type":"","overlay-color":"","overlay-gradient":""},"mobile":{"background-color":"var(--ast-global-color-5)","background-image":"","background-repeat":"repeat","background-position":"center center","background-size":"auto","background-attachment":"scroll","background-type":"","background-media":"","overlay-type":"","overlay-color":"","overlay-gradient":""}},"footnotes":""},"class_list":["post-3","page","type-page","status-publish","hentry"],"_links":{"self":[{"href":"https:\/\/beetoysdz.com\/ar\/wp-json\/wp\/v2\/pages\/3","targetHints":{"allow":["GET"]}}],"collection":[{"href":"https:\/\/beetoysdz.com\/ar\/wp-json\/wp\/v2\/pages"}],"about":[{"href":"https:\/\/beetoysdz.com\/ar\/wp-json\/wp\/v2\/types\/page"}],"author":[{"embeddable":true,"href":"https:\/\/beetoysdz.com\/ar\/wp-json\/wp\/v2\/users\/1"}],"replies":[{"embeddable":true,"href":"https:\/\/beetoysdz.com\/ar\/wp-json\/wp\/v2\/comments?post=3"}],"version-history":[{"count":3,"href":"https:\/\/beetoysdz.com\/ar\/wp-json\/wp\/v2\/pages\/3\/revisions"}],"predecessor-version":[{"id":5829,"href":"https:\/\/beetoysdz.com\/ar\/wp-json\/wp\/v2\/pages\/3\/revisions\/5829"}],"wp:attachment":[{"href":"https:\/\/beetoysdz.com\/ar\/wp-json\/wp\/v2\/media?parent=3"}],"curies":[{"name":"wp","href":"https:\/\/api.w.org\/{rel}","templated":true}]}}