{"id":5834,"date":"2025-05-12T19:48:56","date_gmt":"2025-05-12T18:48:56","guid":{"rendered":"https:\/\/beetoysdz.com\/?page_id=5834"},"modified":"2025-05-13T10:31:32","modified_gmt":"2025-05-13T09:31:32","slug":"tarifs-de-livraison","status":"publish","type":"page","link":"https:\/\/beetoysdz.com\/ar\/tarifs-de-livraison\/","title":{"rendered":"\u0623\u0633\u0639\u0627\u0631 \u0627\u0644\u062a\u0648\u0635\u064a\u0644"},"content":{"rendered":"<div data-elementor-type=\"wp-page\" data-elementor-id=\"5834\" class=\"elementor elementor-5834\">\n\t\t\t\t<div class=\"elementor-element elementor-element-832bdbd e-flex e-con-boxed wpr-particle-no wpr-jarallax-no wpr-parallax-no wpr-sticky-section-no e-con e-parent\" data-id=\"832bdbd\" data-element_type=\"container\" data-e-type=\"container\">\n\t\t\t\t\t<div class=\"e-con-inner\">\n\t\t\t\t<div class=\"elementor-element elementor-element-5d42b1f elementor-widget elementor-widget-text-editor\" data-id=\"5d42b1f\" data-element_type=\"widget\" data-e-type=\"widget\" data-widget_type=\"text-editor.default\">\n\t\t\t\t<div class=\"elementor-widget-container\">\n\t\t\t\t\t\t\t\t\t<table width=\"420\">\n<tbody>\n<tr>\n<td width=\"64\">&nbsp;<\/td>\n<td width=\"112\">Wilaya<\/td>\n<td width=\"122\">StopDesk&nbsp;<\/td>\n<td width=\"122\">\n<p>Livraison \u00e0 domicile<\/p>\n<\/td>\n<\/tr>\n<tr>\n<td width=\"64\">1<\/td>\n<td width=\"112\">Adrar<\/td>\n<td width=\"122\">700 DA<\/td>\n<td width=\"122\">1200 DA<\/td>\n<\/tr>\n<tr>\n<td width=\"64\">2<\/td>\n<td width=\"112\">Chlef<\/td>\n<td width=\"122\">350 DA<\/td>\n<td width=\"122\">700 DA<\/td>\n<\/tr>\n<tr>\n<td width=\"64\">3<\/td>\n<td width=\"112\">Laghouat<\/td>\n<td width=\"122\">500 DA<\/td>\n<td width=\"122\">900 DA<\/td>\n<\/tr>\n<tr>\n<td width=\"64\">4<\/td>\n<td width=\"112\">Oum-El-Bouaghi<\/td>\n<td width=\"122\">350 DA<\/td>\n<td width=\"122\">700 DA<\/td>\n<\/tr>\n<tr>\n<td width=\"64\">5<\/td>\n<td width=\"112\">Batna<\/td>\n<td width=\"122\">350 DA<\/td>\n<td width=\"122\">700 DA<\/td>\n<\/tr>\n<tr>\n<td width=\"64\">6<\/td>\n<td width=\"112\">B\u00e9ja\u00efa<\/td>\n<td width=\"122\">350 DA<\/td>\n<td width=\"122\">600 DA<\/td>\n<\/tr>\n<tr>\n<td width=\"64\">-7<\/td>\n<td width=\"112\">Biskra<\/td>\n<td width=\"122\">500 DA<\/td>\n<td width=\"122\">900 DA<\/td>\n<\/tr>\n<tr>\n<td width=\"64\">8<\/td>\n<td width=\"112\">B\u00e9char<\/td>\n<td width=\"122\">600 DA<\/td>\n<td width=\"122\">1000 DA<\/td>\n<\/tr>\n<tr>\n<td width=\"64\">9<\/td>\n<td width=\"112\">Blida<\/td>\n<td width=\"122\">300 DA<\/td>\n<td width=\"122\">600 DA<\/td>\n<\/tr>\n<tr>\n<td width=\"64\">10<\/td>\n<td width=\"112\">Bouira<\/td>\n<td width=\"122\">300 DA<\/td>\n<td width=\"122\">600 DA<\/td>\n<\/tr>\n<tr>\n<td width=\"64\">11<\/td>\n<td width=\"112\">Tamanrasset<\/td>\n<td width=\"122\">950 DA<\/td>\n<td width=\"122\">\/\/<\/td>\n<\/tr>\n<tr>\n<td width=\"64\">12<\/td>\n<td width=\"112\">T\u00e9bessa<\/td>\n<td width=\"122\">400 DA<\/td>\n<td width=\"122\">900 DA<\/td>\n<\/tr>\n<tr>\n<td width=\"64\">13<\/td>\n<td width=\"112\">Tlemcen<\/td>\n<td width=\"122\">350 DA<\/td>\n<td width=\"122\">700 DA<\/td>\n<\/tr>\n<tr>\n<td width=\"64\">14<\/td>\n<td width=\"112\">Tiaret<\/td>\n<td width=\"122\">400 DA<\/td>\n<td width=\"122\">750 DA<\/td>\n<\/tr>\n<tr>\n<td width=\"64\">15<\/td>\n<td width=\"112\">Tizi-Ouzou<\/td>\n<td width=\"122\">300 DA<\/td>\n<td width=\"122\">600 DA<\/td>\n<\/tr>\n<tr>\n<td width=\"64\">16<\/td>\n<td width=\"112\">Alger<\/td>\n<td width=\"122\">300 DA<\/td>\n<td width=\"122\">200 DA reghaia &#8211; rouiba&nbsp;<br>400 DA le reste<\/td>\n<\/tr>\n<tr>\n<td width=\"64\">17<\/td>\n<td width=\"112\">Djelfa<\/td>\n<td width=\"122\">500 DA<\/td>\n<td width=\"122\">900 DA<\/td>\n<\/tr>\n<tr>\n<td width=\"64\">18<\/td>\n<td width=\"112\">Jijel<\/td>\n<td width=\"122\">350 DA<\/td>\n<td width=\"122\">700 DA<\/td>\n<\/tr>\n<tr>\n<td width=\"64\">19<\/td>\n<td width=\"112\">S\u00e9tif<\/td>\n<td width=\"122\">350 DA<\/td>\n<td width=\"122\">600 DA<\/td>\n<\/tr>\n<tr>\n<td width=\"64\">20<\/td>\n<td width=\"112\">Sa\u00efda<\/td>\n<td width=\"122\">350 DA<\/td>\n<td width=\"122\">700 DA<\/td>\n<\/tr>\n<tr>\n<td width=\"64\">21<\/td>\n<td width=\"112\">Skikda<\/td>\n<td width=\"122\">350 DA<\/td>\n<td width=\"122\">600 DA<\/td>\n<\/tr>\n<tr>\n<td width=\"64\">22<\/td>\n<td width=\"112\">Sidi Bel Abb\u00e8s<\/td>\n<td width=\"122\">350 DA<\/td>\n<td width=\"122\">700 DA<\/td>\n<\/tr>\n<tr>\n<td width=\"64\">23<\/td>\n<td width=\"112\">Annaba<\/td>\n<td width=\"122\">350 DA<\/td>\n<td width=\"122\">700 DA<\/td>\n<\/tr>\n<tr>\n<td width=\"64\">24<\/td>\n<td width=\"112\">Guelma<\/td>\n<td width=\"122\">350 DA<\/td>\n<td width=\"122\">700 DA<\/td>\n<\/tr>\n<tr>\n<td width=\"64\">25<\/td>\n<td width=\"112\">Constantine<\/td>\n<td width=\"122\">350 DA<\/td>\n<td width=\"122\">600 DA<\/td>\n<\/tr>\n<tr>\n<td width=\"64\">26<\/td>\n<td width=\"112\">M\u00e9d\u00e9a<\/td>\n<td width=\"122\">300 DA<\/td>\n<td width=\"122\">600 DA<\/td>\n<\/tr>\n<tr>\n<td width=\"64\">27<\/td>\n<td width=\"112\">Mostaganem<\/td>\n<td width=\"122\">350 DA<\/td>\n<td width=\"122\">600 DA<\/td>\n<\/tr>\n<tr>\n<td width=\"64\">28<\/td>\n<td width=\"112\">M\u2019sila<\/td>\n<td width=\"122\">400 DA<\/td>\n<td width=\"122\">750 DA<\/td>\n<\/tr>\n<tr>\n<td width=\"64\">29<\/td>\n<td width=\"112\">Mascara<\/td>\n<td width=\"122\">350 DA<\/td>\n<td width=\"122\">600 DA<\/td>\n<\/tr>\n<tr>\n<td width=\"64\">30<\/td>\n<td width=\"112\">Ouargla<\/td>\n<td width=\"122\">500 DA<\/td>\n<td width=\"122\">900 DA<\/td>\n<\/tr>\n<tr>\n<td width=\"64\">31<\/td>\n<td width=\"112\">Oran<\/td>\n<td width=\"122\">350 DA<\/td>\n<td width=\"122\">600 DA<\/td>\n<\/tr>\n<tr>\n<td width=\"64\">32<\/td>\n<td width=\"112\">El Bayadh<\/td>\n<td width=\"122\">600 DA<\/td>\n<td width=\"122\">1000 DA<\/td>\n<\/tr>\n<tr>\n<td width=\"64\">33<\/td>\n<td width=\"112\">Illizi<\/td>\n<td width=\"122\">950 DA<\/td>\n<td width=\"122\">\/\/&nbsp;<\/td>\n<\/tr>\n<tr>\n<td width=\"64\">34<\/td>\n<td width=\"112\">Bordj Bou Arreridj<\/td>\n<td width=\"122\">350 DA<\/td>\n<td width=\"122\">700 DA<\/td>\n<\/tr>\n<tr>\n<td width=\"64\">35<\/td>\n<td width=\"112\">Boumerd\u00e8s<\/td>\n<td width=\"122\">250 DA<\/td>\n<td width=\"122\">200 DA boudouaou &#8211; corso &#8211; boumerdes <br>500 DA le reste<\/td>\n<\/tr>\n<tr>\n<td width=\"64\">36<\/td>\n<td width=\"112\">El-Tarf<\/td>\n<td width=\"122\">400 DA<\/td>\n<td width=\"122\">750 DA<\/td>\n<\/tr>\n<tr>\n<td width=\"64\">37<\/td>\n<td width=\"112\">Tindouf<\/td>\n<td width=\"122\">800 DA<\/td>\n<td width=\"122\">\/\/<\/td>\n<\/tr>\n<tr>\n<td width=\"64\">38<\/td>\n<td width=\"112\">Tissemsilt<\/td>\n<td width=\"122\">350 DA<\/td>\n<td width=\"122\">700 DA<\/td>\n<\/tr>\n<tr>\n<td width=\"64\">39<\/td>\n<td width=\"112\">El-Oued<\/td>\n<td width=\"122\">500 DA<\/td>\n<td width=\"122\">900 DA<\/td>\n<\/tr>\n<tr>\n<td width=\"64\">40<\/td>\n<td width=\"112\">Khenchela<\/td>\n<td width=\"122\">400 DA<\/td>\n<td width=\"122\">900 DA<\/td>\n<\/tr>\n<tr>\n<td width=\"64\">41<\/td>\n<td width=\"112\">Souk-Ahras<\/td>\n<td width=\"122\">400 DA<\/td>\n<td width=\"122\">750 DA<\/td>\n<\/tr>\n<tr>\n<td width=\"64\">42<\/td>\n<td width=\"112\">Tipaza<\/td>\n<td width=\"122\">300 DA<\/td>\n<td width=\"122\">600 DA<\/td>\n<\/tr>\n<tr>\n<td width=\"64\">43<\/td>\n<td width=\"112\">Mila<\/td>\n<td width=\"122\">350 DA<\/td>\n<td width=\"122\">600 DA<\/td>\n<\/tr>\n<tr>\n<td width=\"64\">44<\/td>\n<td width=\"112\">A\u00efn-Defla<\/td>\n<td width=\"122\">350 DA<\/td>\n<td width=\"122\">600 DA<\/td>\n<\/tr>\n<tr>\n<td width=\"64\">45<\/td>\n<td width=\"112\">Na\u00e2ma<\/td>\n<td width=\"122\">600 DA<\/td>\n<td width=\"122\">1000 DA<\/td>\n<\/tr>\n<tr>\n<td width=\"64\">46<\/td>\n<td width=\"112\">A\u00efn-T\u00e9mouchent<\/td>\n<td width=\"122\">350 DA<\/td>\n<td width=\"122\">700 DA<\/td>\n<\/tr>\n<tr>\n<td width=\"64\">47<\/td>\n<td width=\"112\">Gharda\u00efa<\/td>\n<td width=\"122\">500 DA<\/td>\n<td width=\"122\">900 DA<\/td>\n<\/tr>\n<tr>\n<td width=\"64\">48<\/td>\n<td width=\"112\">Relizane<\/td>\n<td width=\"122\">350 DA<\/td>\n<td width=\"122\">700 DA<\/td>\n<\/tr>\n<tr>\n<td width=\"64\">49<\/td>\n<td width=\"112\">El M\u2019Ghair<\/td>\n<td width=\"122\">500 DA<\/td>\n<td width=\"122\">900 DA<\/td>\n<\/tr>\n<tr>\n<td width=\"64\">50<\/td>\n<td width=\"112\">El Meniaa<\/td>\n<td width=\"122\">500 DA<\/td>\n<td width=\"122\">900 DA<\/td>\n<\/tr>\n<tr>\n<td width=\"64\">51<\/td>\n<td width=\"112\">Ouled Djellal<\/td>\n<td width=\"122\">500 DA<\/td>\n<td width=\"122\">900 DA<\/td>\n<\/tr>\n<tr>\n<td width=\"64\">52<\/td>\n<td width=\"112\">Bordj Badji Mokhtar<\/td>\n<td width=\"122\">\/\/<\/td>\n<td width=\"122\">\/\/<\/td>\n<\/tr>\n<tr>\n<td width=\"64\">53<\/td>\n<td width=\"112\">B\u00e9ni Abb\u00e8s<\/td>\n<td width=\"122\">600 DA<\/td>\n<td width=\"122\">1000 DA<\/td>\n<\/tr>\n<tr>\n<td width=\"64\">54<\/td>\n<td width=\"112\">Timimoun<\/td>\n<td width=\"122\">700 DA<\/td>\n<td width=\"122\">1200 DA<\/td>\n<\/tr>\n<tr>\n<td width=\"64\">55<\/td>\n<td width=\"112\">Touggourt<\/td>\n<td width=\"122\">500 DA<\/td>\n<td width=\"122\">900 DA<\/td>\n<\/tr>\n<tr>\n<td width=\"64\">56<\/td>\n<td width=\"112\">Djanet<\/td>\n<td width=\"122\">1100 Da<\/td>\n<td width=\"122\">\/\/<\/td>\n<\/tr>\n<tr>\n<td width=\"64\">57<\/td>\n<td width=\"112\">In Salah<\/td>\n<td width=\"122\">950 DA<\/td>\n<td width=\"122\">\/\/<\/td>\n<\/tr>\n<tr>\n<td width=\"64\">58<\/td>\n<td width=\"112\">In Guezzam<\/td>\n<td width=\"122\">\/\/<\/td><td width=\"122\">\/\/<\/td>\n<\/tr>\n<\/tbody>\n<\/table>\t\t\t\t\t\t\t\t<\/div>\n\t\t\t\t<\/div>\n\t\t\t\t\t<\/div>\n\t\t\t\t<\/div>\n\t\t\t\t<\/div>","protected":false},"excerpt":{"rendered":"<p>&nbsp; Wilaya StopDesk&nbsp; Livraison \u00e0 domicile 1 Adrar 700 DA 1200 DA 2 Chlef 350 DA 700 DA 3 Laghouat 500 DA 900 DA 4 Oum-El-Bouaghi 350 DA 700 DA 5 Batna 350 DA 700 DA 6 B\u00e9ja\u00efa 350 DA 600 DA -7 Biskra 500 DA 900 DA 8 B\u00e9char 600 DA 1000 DA 9 Blida 300 DA 600 DA 10 Bouira 300 DA 600 DA 11 Tamanrasset 950 DA \/\/ 12 T\u00e9bessa 400 DA 900 DA 13 Tlemcen 350 DA 700 DA 14 Tiaret 400 DA 750 DA 15 Tizi-Ouzou 300 DA 600 DA 16 Alger 300 DA 200 DA reghaia &#8211; rouiba&nbsp;400 DA le reste 17 Djelfa 500 DA 900 DA 18 Jijel 350 DA 700 DA 19 S\u00e9tif 350 DA 600 DA 20 Sa\u00efda 350 DA 700 DA 21 Skikda 350 DA 600 DA 22 Sidi Bel Abb\u00e8s 350 DA 700 DA 23 Annaba 350 DA 700 DA 24 Guelma 350 DA 700 DA 25 Constantine 350 DA 600 DA 26 M\u00e9d\u00e9a 300 DA 600 DA 27 Mostaganem 350 DA 600 DA 28 M\u2019sila 400 DA 750 DA 29 Mascara 350 DA 600 DA 30 Ouargla 500 DA 900 DA 31 Oran 350 DA 600 DA 32 El Bayadh 600 DA 1000 DA 33 Illizi 950 DA \/\/&nbsp; 34 Bordj Bou Arreridj 350 DA 700 DA 35 Boumerd\u00e8s 250 DA 200 DA boudouaou &#8211; corso &#8211; boumerdes 500 DA le reste 36 El-Tarf 400 DA 750 DA 37 Tindouf 800 DA \/\/ 38 Tissemsilt 350 DA 700 DA 39 El-Oued 500 DA 900 DA 40 Khenchela 400 DA 900 DA 41 Souk-Ahras 400 DA 750 DA 42 Tipaza 300 DA 600 DA 43 Mila 350 DA 600 DA 44 A\u00efn-Defla 350 DA 600 DA 45 Na\u00e2ma 600 DA 1000 DA 46 A\u00efn-T\u00e9mouchent 350 DA 700 DA 47 Gharda\u00efa 500 DA 900 DA 48 Relizane 350 DA 700 DA 49 El M\u2019Ghair 500 DA 900 DA 50 El Meniaa 500 DA 900 DA 51 Ouled Djellal 500 DA 900 DA 52 Bordj Badji Mokhtar \/\/ \/\/ 53 B\u00e9ni Abb\u00e8s 600 DA 1000 DA 54 Timimoun 700 DA 1200 DA 55 Touggourt 500 DA 900 DA 56 Djanet 1100 Da \/\/ 57 In Salah 950 DA \/\/ 58 In Guezzam \/\/ \/\/<\/p>","protected":false},"author":1,"featured_media":0,"parent":0,"menu_order":0,"comment_status":"closed","ping_status":"closed","template":"","meta":{"site-sidebar-layout":"no-sidebar","site-content-layout":"page-builder","ast-site-content-layout":"full-width-container","site-content-style":"default","site-sidebar-style":"default","ast-global-header-display":"","ast-banner-title-visibility":"","ast-main-header-display":"","ast-hfb-above-header-display":"","ast-hfb-below-header-display":"","ast-hfb-mobile-header-display":"","site-post-title":"disabled","ast-breadcrumbs-content":"","ast-featured-img":"disabled","footer-sml-layout":"","theme-transparent-header-meta":"","adv-header-id-meta":"","stick-header-meta":"","header-above-stick-meta":"","header-main-stick-meta":"","header-below-stick-meta":"","astra-migrate-meta-layouts":"set","ast-page-background-enabled":"default","ast-page-background-meta":{"desktop":{"background-color":"","background-image":"","background-repeat":"repeat","background-position":"center center","background-size":"auto","background-attachment":"scroll","background-type":"","background-media":"","overlay-type":"","overlay-color":"","overlay-gradient":""},"tablet":{"background-color":"","background-image":"","background-repeat":"repeat","background-position":"center center","background-size":"auto","background-attachment":"scroll","background-type":"","background-media":"","overlay-type":"","overlay-color":"","overlay-gradient":""},"mobile":{"background-color":"","background-image":"","background-repeat":"repeat","background-position":"center center","background-size":"auto","background-attachment":"scroll","background-type":"","background-media":"","overlay-type":"","overlay-color":"","overlay-gradient":""}},"ast-content-background-meta":{"desktop":{"background-color":"var(--ast-global-color-5)","background-image":"","background-repeat":"repeat","background-position":"center center","background-size":"auto","background-attachment":"scroll","background-type":"","background-media":"","overlay-type":"","overlay-color":"","overlay-gradient":""},"tablet":{"background-color":"var(--ast-global-color-5)","background-image":"","background-repeat":"repeat","background-position":"center center","background-size":"auto","background-attachment":"scroll","background-type":"","background-media":"","overlay-type":"","overlay-color":"","overlay-gradient":""},"mobile":{"background-color":"var(--ast-global-color-5)","background-image":"","background-repeat":"repeat","background-position":"center center","background-size":"auto","background-attachment":"scroll","background-type":"","background-media":"","overlay-type":"","overlay-color":"","overlay-gradient":""}},"footnotes":""},"class_list":["post-5834","page","type-page","status-publish","hentry"],"_links":{"self":[{"href":"https:\/\/beetoysdz.com\/ar\/wp-json\/wp\/v2\/pages\/5834","targetHints":{"allow":["GET"]}}],"collection":[{"href":"https:\/\/beetoysdz.com\/ar\/wp-json\/wp\/v2\/pages"}],"about":[{"href":"https:\/\/beetoysdz.com\/ar\/wp-json\/wp\/v2\/types\/page"}],"author":[{"embeddable":true,"href":"https:\/\/beetoysdz.com\/ar\/wp-json\/wp\/v2\/users\/1"}],"replies":[{"embeddable":true,"href":"https:\/\/beetoysdz.com\/ar\/wp-json\/wp\/v2\/comments?post=5834"}],"version-history":[{"count":5,"href":"https:\/\/beetoysdz.com\/ar\/wp-json\/wp\/v2\/pages\/5834\/revisions"}],"predecessor-version":[{"id":5839,"href":"https:\/\/beetoysdz.com\/ar\/wp-json\/wp\/v2\/pages\/5834\/revisions\/5839"}],"wp:attachment":[{"href":"https:\/\/beetoysdz.com\/ar\/wp-json\/wp\/v2\/media?parent=5834"}],"curies":[{"name":"wp","href":"https:\/\/api.w.org\/{rel}","templated":true}]}}