{"id":5639,"date":"2024-05-04T00:55:59","date_gmt":"2024-05-03T23:55:59","guid":{"rendered":"https:\/\/beetoysdz.com\/?post_type=product&#038;p=5639"},"modified":"2024-05-04T21:56:45","modified_gmt":"2024-05-04T20:56:45","slug":"ou-vivent-ils","status":"publish","type":"product","link":"https:\/\/beetoysdz.com\/ar\/product\/ou-vivent-ils\/","title":{"rendered":"O\u00f9 Vivent-Ils?"},"content":{"rendered":"<p>D\u00e9couvrez notre Jeu de Soci\u00e9t\u00e9 \u00ab\u00a0O\u00f9 Vivent-Ils?\u00a0\u00bb! Ce jeu \u00e9ducatif et amusant invite les enfants \u00e0 explorer le monde animal en devinant o\u00f9 vivent diff\u00e9rentes esp\u00e8ces.<\/p>","protected":false},"excerpt":{"rendered":"<p>Avec des cartes illustr\u00e9es repr\u00e9sentant une vari\u00e9t\u00e9 d&rsquo;animaux et de habitats, ce jeu encourage la curiosit\u00e9 et l&rsquo;apprentissage tout en s&rsquo;amusant en famille ou entre amis. Parfait pour les enfants de tous \u00e2ges, ce jeu promet des heures de divertissement et de d\u00e9couverte!<\/p>","protected":false},"featured_media":5648,"template":"","meta":{"site-sidebar-layout":"default","site-content-layout":"","ast-site-content-layout":"default","site-content-style":"default","site-sidebar-style":"default","ast-global-header-display":"","ast-banner-title-visibility":"","ast-main-header-display":"","ast-hfb-above-header-display":"","ast-hfb-below-header-display":"","ast-hfb-mobile-header-display":"","site-post-title":"","ast-breadcrumbs-content":"","ast-featured-img":"","footer-sml-layout":"","theme-transparent-header-meta":"default","adv-header-id-meta":"","stick-header-meta":"","header-above-stick-meta":"","header-main-stick-meta":"","header-below-stick-meta":"","astra-migrate-meta-layouts":"set","ast-page-background-enabled":"default","ast-page-background-meta":{"desktop":{"background-color":"","background-image":"","background-repeat":"repeat","background-position":"center center","background-size":"auto","background-attachment":"scroll","background-type":"","background-media":"","overlay-type":"","overlay-color":"","overlay-opacity":"","overlay-gradient":""},"tablet":{"background-color":"","background-image":"","background-repeat":"repeat","background-position":"center center","background-size":"auto","background-attachment":"scroll","background-type":"","background-media":"","overlay-type":"","overlay-color":"","overlay-opacity":"","overlay-gradient":""},"mobile":{"background-color":"","background-image":"","background-repeat":"repeat","background-position":"center center","background-size":"auto","background-attachment":"scroll","background-type":"","background-media":"","overlay-type":"","overlay-color":"","overlay-opacity":"","overlay-gradient":""}},"ast-content-background-meta":{"desktop":{"background-color":"var(--ast-global-color-5)","background-image":"","background-repeat":"repeat","background-position":"center center","background-size":"auto","background-attachment":"scroll","background-type":"","background-media":"","overlay-type":"","overlay-color":"","overlay-opacity":"","overlay-gradient":""},"tablet":{"background-color":"var(--ast-global-color-5)","background-image":"","background-repeat":"repeat","background-position":"center center","background-size":"auto","background-attachment":"scroll","background-type":"","background-media":"","overlay-type":"","overlay-color":"","overlay-opacity":"","overlay-gradient":""},"mobile":{"background-color":"var(--ast-global-color-5)","background-image":"","background-repeat":"repeat","background-position":"center center","background-size":"auto","background-attachment":"scroll","background-type":"","background-media":"","overlay-type":"","overlay-color":"","overlay-opacity":"","overlay-gradient":""}}},"product_brand":[],"product_cat":[38],"product_tag":[59],"class_list":{"0":"post-5639","1":"product","2":"type-product","3":"status-publish","4":"has-post-thumbnail","6":"product_cat-jeux-educatifs","7":"product_tag-puzzle","8":"desktop-align-center","9":"tablet-align-center","10":"mobile-align-center","12":"first","13":"instock","14":"shipping-taxable","15":"purchasable","16":"product-type-simple"},"_links":{"self":[{"href":"https:\/\/beetoysdz.com\/ar\/wp-json\/wp\/v2\/product\/5639","targetHints":{"allow":["GET"]}}],"collection":[{"href":"https:\/\/beetoysdz.com\/ar\/wp-json\/wp\/v2\/product"}],"about":[{"href":"https:\/\/beetoysdz.com\/ar\/wp-json\/wp\/v2\/types\/product"}],"wp:featuredmedia":[{"embeddable":true,"href":"https:\/\/beetoysdz.com\/ar\/wp-json\/wp\/v2\/media\/5648"}],"wp:attachment":[{"href":"https:\/\/beetoysdz.com\/ar\/wp-json\/wp\/v2\/media?parent=5639"}],"wp:term":[{"taxonomy":"product_brand","embeddable":true,"href":"https:\/\/beetoysdz.com\/ar\/wp-json\/wp\/v2\/product_brand?post=5639"},{"taxonomy":"product_cat","embeddable":true,"href":"https:\/\/beetoysdz.com\/ar\/wp-json\/wp\/v2\/product_cat?post=5639"},{"taxonomy":"product_tag","embeddable":true,"href":"https:\/\/beetoysdz.com\/ar\/wp-json\/wp\/v2\/product_tag?post=5639"}],"curies":[{"name":"wp","href":"https:\/\/api.w.org\/{rel}","templated":true}]}}